{"id":11752,"date":"2024-12-13T09:53:28","date_gmt":"2024-12-13T08:53:28","guid":{"rendered":"https:\/\/www.fs-forellstrasse.de\/?page_id=11752"},"modified":"2024-12-13T09:59:51","modified_gmt":"2024-12-13T08:59:51","slug":"die-schulpflegschaft-stellt-sich-vor","status":"publish","type":"page","link":"https:\/\/www.fs-forellstrasse.de\/ar\/die-schulpflegschaft-stellt-sich-vor\/","title":{"rendered":"\u0646\u0642\u062f\u0645 \u0644\u0643\u0645 \u0645\u0642\u062f\u0645\u064a \u0627\u0644\u0631\u0639\u0627\u064a\u0629 \u0627\u0644\u0645\u062f\u0631\u0633\u064a\u0629!"},"content":{"rendered":"<p>Liebe Eltern und Erziehungsberechtigte,<\/p>\n\n\n\n<p>wir begr\u00fc\u00dfen sie ganz herzlich und m\u00f6chten Ihnen nachfolgend gerne die Mitglieder des Schulpflegschaftsvorsitzes und die Vertreter*innen der Schulkonferenz vorstellen.<\/p>\n\n\n\n<p>Die <strong><u>Schulpflegschaft <\/u><\/strong>vertritt die Interessen aller Eltern und Erziehungsberechtigten bei der Gestaltung der Bildungs- und Erziehungsarbeit an unserer F\u00f6rderschule. Sie ber\u00e4t \u00fcber alle wichtigen Angelegenheiten an der Schule und besteht aus den Vorsitzenden der Klassenpflegschaften sowie den gew\u00e4hlten Vertreterinnen und Vertretern. Im Schuljahr 2024\/2025 sind 22 Mitglieder in der Schulpflegschaft vertreten.&nbsp;<\/p>\n\n\n\n<p>Die <strong>Vorsitzende der Schulpflegschaft <\/strong>ist <strong>Antje Skommodau<\/strong>.&nbsp; Sie wird vertreten von <strong>Georg Wilk<\/strong>.<\/p>\n\n\n\n<p>Die <strong><u>Schulkonferenz<\/u><\/strong> ist das zentrale Entscheidungsgremium der Schule. Hier werden z. B. die Einrichtung von Arbeitsgemeinschaften, die Schulordnung und das Schulprogramm abgestimmt. Dies bedeutet, dass Eltern entscheidend die Entwicklung der Schule mitgestalten k\u00f6nnen. Die Schulpflegschaft entsendet drei Eltern oder ihre jeweiligen Vertretungen in die Schulkonferenz.&nbsp; Das sind im Schuljahr 24\/25:&nbsp;<\/p>\n\n\n\n<figure class=\"wp-block-table\"><table class=\"has-fixed-layout\"><tbody><tr><td><strong>Elternvertreter in der <u>Schulkonferenz:<\/u><\/strong><\/td><td><strong>Ihre Vertreter*innen:<\/strong><\/td><\/tr><tr><td>Antje Skommodau<\/td><td>Christine Grguri<\/td><\/tr><tr><td>Sanja Reinke<\/td><td>Georg Wilk<\/td><\/tr><tr><td>Nicole Marek<\/td><td>Susanne Kristionat<\/td><\/tr><\/tbody><\/table><\/figure>\n\n\n\n<p>Das Familien- und Schulleben sind eng miteinander verzahnt. Die Einf\u00fchrung neuer Unterrichtsstrukturen, die Vereinbarung von Lernzielen oder die Kooperation mit au\u00dferschulischen Institutionen haben direkten Einfluss auf die Weiterentwicklung unserer Kinder und das Familienleben. Die Schulpflegschaft ist daher ein wichtiger Baustein bei der Gestaltung des schulischen Lebens an unserer F\u00f6rderschule.<\/p>\n\n\n\n<p>Haben Sie ein Anliegen, eine Frage oder m\u00f6chten uns Ihre Meinung mitteilen?<\/p>\n\n\n\n<p>Dann schreiben Sie uns bitte.<\/p>\n\n\n\n<p>Sie erreichen uns unter der Mailadresse: schuko@157650.nrw.schule<\/p>\n\n\n\n<p>Wir freuen uns von Ihnen zu h\u00f6ren und senden Ihnen viele Gr\u00fc\u00dfe!<\/p>\n\n\n\n<p>Antje Skommodau, Sanja Reinke und Nicole Marek<\/p>","protected":false},"excerpt":{"rendered":"<p>Liebe Eltern und Erziehungsberechtigte, wir begr\u00fc\u00dfen sie ganz herzlich und m\u00f6chten Ihnen nachfolgend gerne die Mitglieder des Schulpflegschaftsvorsitzes und die Vertreter*innen der Schulkonferenz vorstellen. Die Schulpflegschaft vertritt die Interessen aller Eltern und Erziehungsberechtigten bei der Gestaltung der Bildungs- und Erziehungsarbeit [&hellip;]<\/p>\n","protected":false},"author":1,"featured_media":0,"parent":0,"menu_order":0,"comment_status":"closed","ping_status":"closed","template":"","meta":{"footnotes":""},"class_list":["post-11752","page","type-page","status-publish","hentry"],"_links":{"self":[{"href":"https:\/\/www.fs-forellstrasse.de\/ar\/wp-json\/wp\/v2\/pages\/11752","targetHints":{"allow":["GET"]}}],"collection":[{"href":"https:\/\/www.fs-forellstrasse.de\/ar\/wp-json\/wp\/v2\/pages"}],"about":[{"href":"https:\/\/www.fs-forellstrasse.de\/ar\/wp-json\/wp\/v2\/types\/page"}],"author":[{"embeddable":true,"href":"https:\/\/www.fs-forellstrasse.de\/ar\/wp-json\/wp\/v2\/users\/1"}],"replies":[{"embeddable":true,"href":"https:\/\/www.fs-forellstrasse.de\/ar\/wp-json\/wp\/v2\/comments?post=11752"}],"version-history":[{"count":1,"href":"https:\/\/www.fs-forellstrasse.de\/ar\/wp-json\/wp\/v2\/pages\/11752\/revisions"}],"predecessor-version":[{"id":11753,"href":"https:\/\/www.fs-forellstrasse.de\/ar\/wp-json\/wp\/v2\/pages\/11752\/revisions\/11753"}],"wp:attachment":[{"href":"https:\/\/www.fs-forellstrasse.de\/ar\/wp-json\/wp\/v2\/media?parent=11752"}],"curies":[{"name":"wp","href":"https:\/\/api.w.org\/{rel}","templated":true}]}}