{"id":11752,"date":"2024-12-13T09:53:28","date_gmt":"2024-12-13T08:53:28","guid":{"rendered":"https:\/\/www.fs-forellstrasse.de\/?page_id=11752"},"modified":"2024-12-13T09:59:51","modified_gmt":"2024-12-13T08:59:51","slug":"die-schulpflegschaft-stellt-sich-vor","status":"publish","type":"page","link":"https:\/\/www.fs-forellstrasse.de\/en\/die-schulpflegschaft-stellt-sich-vor\/","title":{"rendered":"Introducing the school carers!"},"content":{"rendered":"<p>Dear parents and guardians,<\/p>\n\n\n\n<p>We warmly welcome you and would like to introduce you to the members of the school council and the representatives of the school conference.<\/p>\n\n\n\n<p>The <strong><u>School carers <\/u><\/strong>represents the interests of all parents and guardians in the organisation of the educational work at our special school. It advises on all important matters at the school and consists of the chairpersons of the class care groups and the elected representatives. In the 2024\/2025 school year, 22 members are represented on the school council.&nbsp;<\/p>\n\n\n\n<p>The <strong>Chairwoman of the school council <\/strong>is <strong>Antje Skommodau<\/strong>.  It is represented by <strong>Georg Wilk<\/strong>.<\/p>\n\n\n\n<p>The <strong><u>School conference<\/u><\/strong> is the school's central decision-making body. This is where, for example, the establishment of study groups, the school rules and the school programme are agreed. This means that parents can play a decisive role in shaping the development of the school. The school council delegates three parents or their respective representatives to the school conference.  That is 24\/25 in the school year:&nbsp;<\/p>\n\n\n\n<figure class=\"wp-block-table\"><table class=\"has-fixed-layout\"><tbody><tr><td><strong>Parent representatives in the <u>School conference:<\/u><\/strong><\/td><td><strong>Your representatives:<\/strong><\/td><\/tr><tr><td>Antje Skommodau<\/td><td>Christine Grguri<\/td><\/tr><tr><td>Sanja Reinke<\/td><td>Georg Wilk<\/td><\/tr><tr><td>Nicole Marek<\/td><td>Susanne Kristionat<\/td><\/tr><\/tbody><\/table><\/figure>\n\n\n\n<p>Family and school life are closely intertwined. The introduction of new teaching structures, the agreement of learning objectives or co-operation with extracurricular institutions have a direct influence on the further development of our children and family life. The school carers' committee is therefore an important component in shaping school life at our special school.<\/p>\n\n\n\n<p>Do you have a request, a question or would you like to tell us what you think?<\/p>\n\n\n\n<p>Then please write to us.<\/p>\n\n\n\n<p>You can reach us at the following e-mail address: schuko@157650.nrw.schule<\/p>\n\n\n\n<p>We look forward to hearing from you and send you our best wishes!<\/p>\n\n\n\n<p>Antje Skommodau, Sanja Reinke and Nicole Marek<\/p>","protected":false},"excerpt":{"rendered":"<p>Liebe Eltern und Erziehungsberechtigte, wir begr\u00fc\u00dfen sie ganz herzlich und m\u00f6chten Ihnen nachfolgend gerne die Mitglieder des Schulpflegschaftsvorsitzes und die Vertreter*innen der Schulkonferenz vorstellen. Die Schulpflegschaft vertritt die Interessen aller Eltern und Erziehungsberechtigten bei der Gestaltung der Bildungs- und Erziehungsarbeit [&hellip;]<\/p>\n","protected":false},"author":1,"featured_media":0,"parent":0,"menu_order":0,"comment_status":"closed","ping_status":"closed","template":"","meta":{"footnotes":""},"class_list":["post-11752","page","type-page","status-publish","hentry"],"_links":{"self":[{"href":"https:\/\/www.fs-forellstrasse.de\/en\/wp-json\/wp\/v2\/pages\/11752","targetHints":{"allow":["GET"]}}],"collection":[{"href":"https:\/\/www.fs-forellstrasse.de\/en\/wp-json\/wp\/v2\/pages"}],"about":[{"href":"https:\/\/www.fs-forellstrasse.de\/en\/wp-json\/wp\/v2\/types\/page"}],"author":[{"embeddable":true,"href":"https:\/\/www.fs-forellstrasse.de\/en\/wp-json\/wp\/v2\/users\/1"}],"replies":[{"embeddable":true,"href":"https:\/\/www.fs-forellstrasse.de\/en\/wp-json\/wp\/v2\/comments?post=11752"}],"version-history":[{"count":1,"href":"https:\/\/www.fs-forellstrasse.de\/en\/wp-json\/wp\/v2\/pages\/11752\/revisions"}],"predecessor-version":[{"id":11753,"href":"https:\/\/www.fs-forellstrasse.de\/en\/wp-json\/wp\/v2\/pages\/11752\/revisions\/11753"}],"wp:attachment":[{"href":"https:\/\/www.fs-forellstrasse.de\/en\/wp-json\/wp\/v2\/media?parent=11752"}],"curies":[{"name":"wp","href":"https:\/\/api.w.org\/{rel}","templated":true}]}}