{"id":11752,"date":"2024-12-13T09:53:28","date_gmt":"2024-12-13T08:53:28","guid":{"rendered":"https:\/\/www.fs-forellstrasse.de\/?page_id=11752"},"modified":"2024-12-13T09:59:51","modified_gmt":"2024-12-13T08:59:51","slug":"die-schulpflegschaft-stellt-sich-vor","status":"publish","type":"page","link":"https:\/\/www.fs-forellstrasse.de\/es_es\/die-schulpflegschaft-stellt-sich-vor\/","title":{"rendered":"\u00a1Presentamos a los cuidadores escolares!"},"content":{"rendered":"<p>Estimados padres y tutores<\/p>\n\n\n\n<p>Le damos una calurosa bienvenida y nos gustar\u00eda presentarle a los miembros del consejo escolar y a los representantes de la conferencia escolar.<\/p>\n\n\n\n<p>En <strong><u>Cuidadores escolares <\/u><\/strong>representa los intereses de todos los padres y tutores en la organizaci\u00f3n del trabajo educativo en nuestra escuela especial. Asesora sobre todos los asuntos importantes de la escuela y est\u00e1 formado por los presidentes de los grupos de atenci\u00f3n de clase y los representantes elegidos. En el curso escolar 2024\/2025, 22 miembros est\u00e1n representados en el consejo escolar.&nbsp;<\/p>\n\n\n\n<p>En <strong>Presidenta del Consejo Escolar <\/strong>es <strong>Antje Skommodau<\/strong>.  Est\u00e1 representado por <strong>Georg Wilk<\/strong>.<\/p>\n\n\n\n<p>En <strong><u>Conferencia escolar<\/u><\/strong> es el \u00f3rgano central de toma de decisiones de la escuela. Aqu\u00ed se acuerdan, por ejemplo, la creaci\u00f3n de grupos de estudio, el reglamento escolar y el programa escolar. Esto significa que los padres pueden desempe\u00f1ar un papel decisivo en el desarrollo de la escuela. El consejo escolar delega a tres padres o a sus respectivos representantes en la conferencia escolar.  Son 24\/25 en el curso escolar:&nbsp;<\/p>\n\n\n\n<figure class=\"wp-block-table\"><table class=\"has-fixed-layout\"><tbody><tr><td><strong>Representantes de los padres en el <u>Conferencia escolar:<\/u><\/strong><\/td><td><strong>Sus representantes:<\/strong><\/td><\/tr><tr><td>Antje Skommodau<\/td><td>Christine Grguri<\/td><\/tr><tr><td>Sanja Reinke<\/td><td>Georg Wilk<\/td><\/tr><tr><td>Nicole Marek<\/td><td>Susanne Kristionat<\/td><\/tr><\/tbody><\/table><\/figure>\n\n\n\n<p>La vida familiar y escolar est\u00e1n estrechamente entrelazadas. La introducci\u00f3n de nuevas estructuras de ense\u00f1anza, el acuerdo de objetivos de aprendizaje o la cooperaci\u00f3n con instituciones extraescolares influyen directamente en el desarrollo de nuestros hijos y en la vida familiar. Por ello, el comit\u00e9 escolar de cuidadores es un componente importante en la configuraci\u00f3n de la vida escolar de nuestra escuela especial.<\/p>\n\n\n\n<p>\u00bfTiene alguna petici\u00f3n, pregunta o quiere decirnos lo que piensa?<\/p>\n\n\n\n<p>Entonces escr\u00edbanos.<\/p>\n\n\n\n<p>Puede ponerse en contacto con nosotros en la siguiente direcci\u00f3n de correo electr\u00f3nico: schuko@157650.nrw.schule<\/p>\n\n\n\n<p>Esperamos tener noticias suyas y le enviamos nuestros mejores deseos.<\/p>\n\n\n\n<p>Antje Skommodau, Sanja Reinke y Nicole Marek<\/p>","protected":false},"excerpt":{"rendered":"<p>Liebe Eltern und Erziehungsberechtigte, wir begr\u00fc\u00dfen sie ganz herzlich und m\u00f6chten Ihnen nachfolgend gerne die Mitglieder des Schulpflegschaftsvorsitzes und die Vertreter*innen der Schulkonferenz vorstellen. Die Schulpflegschaft vertritt die Interessen aller Eltern und Erziehungsberechtigten bei der Gestaltung der Bildungs- und Erziehungsarbeit [&hellip;]<\/p>\n","protected":false},"author":1,"featured_media":0,"parent":0,"menu_order":0,"comment_status":"closed","ping_status":"closed","template":"","meta":{"footnotes":""},"class_list":["post-11752","page","type-page","status-publish","hentry"],"_links":{"self":[{"href":"https:\/\/www.fs-forellstrasse.de\/es_es\/wp-json\/wp\/v2\/pages\/11752","targetHints":{"allow":["GET"]}}],"collection":[{"href":"https:\/\/www.fs-forellstrasse.de\/es_es\/wp-json\/wp\/v2\/pages"}],"about":[{"href":"https:\/\/www.fs-forellstrasse.de\/es_es\/wp-json\/wp\/v2\/types\/page"}],"author":[{"embeddable":true,"href":"https:\/\/www.fs-forellstrasse.de\/es_es\/wp-json\/wp\/v2\/users\/1"}],"replies":[{"embeddable":true,"href":"https:\/\/www.fs-forellstrasse.de\/es_es\/wp-json\/wp\/v2\/comments?post=11752"}],"version-history":[{"count":1,"href":"https:\/\/www.fs-forellstrasse.de\/es_es\/wp-json\/wp\/v2\/pages\/11752\/revisions"}],"predecessor-version":[{"id":11753,"href":"https:\/\/www.fs-forellstrasse.de\/es_es\/wp-json\/wp\/v2\/pages\/11752\/revisions\/11753"}],"wp:attachment":[{"href":"https:\/\/www.fs-forellstrasse.de\/es_es\/wp-json\/wp\/v2\/media?parent=11752"}],"curies":[{"name":"wp","href":"https:\/\/api.w.org\/{rel}","templated":true}]}}