{"id":11752,"date":"2024-12-13T09:53:28","date_gmt":"2024-12-13T08:53:28","guid":{"rendered":"https:\/\/www.fs-forellstrasse.de\/?page_id=11752"},"modified":"2024-12-13T09:59:51","modified_gmt":"2024-12-13T08:59:51","slug":"die-schulpflegschaft-stellt-sich-vor","status":"publish","type":"page","link":"https:\/\/www.fs-forellstrasse.de\/fr\/die-schulpflegschaft-stellt-sich-vor\/","title":{"rendered":"L'association des parents d'\u00e9l\u00e8ves se pr\u00e9sente !"},"content":{"rendered":"<p>Chers parents et tuteurs,<\/p>\n\n\n\n<p>Nous vous souhaitons la bienvenue et vous pr\u00e9sentons les membres du conseil d'administration de l'\u00e9cole et les repr\u00e9sentants du conseil scolaire.<\/p>\n\n\n\n<p>Le site <strong><u>Conseil de l'\u00e9cole <\/u><\/strong>repr\u00e9sente les int\u00e9r\u00eats de tous les parents et tuteurs dans l'organisation du travail d'\u00e9ducation et de formation au sein de notre \u00e9cole sp\u00e9cialis\u00e9e. Elle d\u00e9lib\u00e8re sur toutes les questions importantes \u00e0 l'\u00e9cole et se compose des pr\u00e9sidents des conseils de classe ainsi que des repr\u00e9sentants \u00e9lus. Pour l'ann\u00e9e scolaire 2024\/2025, 22 membres font partie de l'association des parents d'\u00e9l\u00e8ves.&nbsp;<\/p>\n\n\n\n<p>Le site <strong>Pr\u00e9sidente de l'association des parents d'\u00e9l\u00e8ves <\/strong>est <strong>Antje Skommodau<\/strong>.  Elle est repr\u00e9sent\u00e9e par <strong>Georg Wilk<\/strong>.<\/p>\n\n\n\n<p>Le site <strong><u>Conf\u00e9rence scolaire<\/u><\/strong> est l'organe de d\u00e9cision central de l'\u00e9cole. C'est l\u00e0 que sont vot\u00e9s, par exemple, la cr\u00e9ation de groupes de travail, le r\u00e8glement de l'\u00e9cole et le programme scolaire. Cela signifie que les parents peuvent contribuer de mani\u00e8re d\u00e9cisive au d\u00e9veloppement de l'\u00e9cole. L'association des parents d'\u00e9l\u00e8ves d\u00e9l\u00e8gue trois parents ou leurs repr\u00e9sentants respectifs \u00e0 la conf\u00e9rence scolaire.  Pour l'ann\u00e9e scolaire, ils sont au nombre de 24\/25 :&nbsp;<\/p>\n\n\n\n<figure class=\"wp-block-table\"><table class=\"has-fixed-layout\"><tbody><tr><td><strong>Repr\u00e9sentants des parents dans la <u>Conf\u00e9rence scolaire :<\/u><\/strong><\/td><td><strong>Vos repr\u00e9sentants* :<\/strong><\/td><\/tr><tr><td>Antje Skommodau<\/td><td>Christine Grguri<\/td><\/tr><tr><td>Sanja Reinke<\/td><td>Georg Wilk<\/td><\/tr><tr><td>Nicole Marek<\/td><td>Susanne Kristionat<\/td><\/tr><\/tbody><\/table><\/figure>\n\n\n\n<p>La vie familiale et la vie scolaire sont \u00e9troitement imbriqu\u00e9es. L'introduction de nouvelles structures d'enseignement, l'accord sur les objectifs d'apprentissage ou la coop\u00e9ration avec des institutions extrascolaires ont une influence directe sur le d\u00e9veloppement de nos enfants et sur la vie de famille. L'infirmerie scolaire est donc un \u00e9l\u00e9ment important dans l'organisation de la vie scolaire de notre \u00e9cole sp\u00e9cialis\u00e9e.<\/p>\n\n\n\n<p>Vous avez une pr\u00e9occupation, une question ou vous souhaitez nous faire part de votre avis ?<\/p>\n\n\n\n<p>Alors n'h\u00e9sitez pas \u00e0 nous \u00e9crire.<\/p>\n\n\n\n<p>Vous pouvez nous contacter \u00e0 l'adresse e-mail : schuko@157650.nrw.schule<\/p>\n\n\n\n<p>Nous nous r\u00e9jouissons d'avoir de vos nouvelles et vous envoyons nos meilleures salutations !<\/p>\n\n\n\n<p>Antje Skommodau, Sanja Reinke et Nicole Marek<\/p>","protected":false},"excerpt":{"rendered":"<p>Liebe Eltern und Erziehungsberechtigte, wir begr\u00fc\u00dfen sie ganz herzlich und m\u00f6chten Ihnen nachfolgend gerne die Mitglieder des Schulpflegschaftsvorsitzes und die Vertreter*innen der Schulkonferenz vorstellen. Die Schulpflegschaft vertritt die Interessen aller Eltern und Erziehungsberechtigten bei der Gestaltung der Bildungs- und Erziehungsarbeit [&hellip;]<\/p>\n","protected":false},"author":1,"featured_media":0,"parent":0,"menu_order":0,"comment_status":"closed","ping_status":"closed","template":"","meta":{"footnotes":""},"class_list":["post-11752","page","type-page","status-publish","hentry"],"_links":{"self":[{"href":"https:\/\/www.fs-forellstrasse.de\/fr\/wp-json\/wp\/v2\/pages\/11752","targetHints":{"allow":["GET"]}}],"collection":[{"href":"https:\/\/www.fs-forellstrasse.de\/fr\/wp-json\/wp\/v2\/pages"}],"about":[{"href":"https:\/\/www.fs-forellstrasse.de\/fr\/wp-json\/wp\/v2\/types\/page"}],"author":[{"embeddable":true,"href":"https:\/\/www.fs-forellstrasse.de\/fr\/wp-json\/wp\/v2\/users\/1"}],"replies":[{"embeddable":true,"href":"https:\/\/www.fs-forellstrasse.de\/fr\/wp-json\/wp\/v2\/comments?post=11752"}],"version-history":[{"count":1,"href":"https:\/\/www.fs-forellstrasse.de\/fr\/wp-json\/wp\/v2\/pages\/11752\/revisions"}],"predecessor-version":[{"id":11753,"href":"https:\/\/www.fs-forellstrasse.de\/fr\/wp-json\/wp\/v2\/pages\/11752\/revisions\/11753"}],"wp:attachment":[{"href":"https:\/\/www.fs-forellstrasse.de\/fr\/wp-json\/wp\/v2\/media?parent=11752"}],"curies":[{"name":"wp","href":"https:\/\/api.w.org\/{rel}","templated":true}]}}