{"id":11752,"date":"2024-12-13T09:53:28","date_gmt":"2024-12-13T08:53:28","guid":{"rendered":"https:\/\/www.fs-forellstrasse.de\/?page_id=11752"},"modified":"2024-12-13T09:59:51","modified_gmt":"2024-12-13T08:59:51","slug":"die-schulpflegschaft-stellt-sich-vor","status":"publish","type":"page","link":"https:\/\/www.fs-forellstrasse.de\/pl\/die-schulpflegschaft-stellt-sich-vor\/","title":{"rendered":"Przedstawiamy szkolnych opiekun\u00f3w!"},"content":{"rendered":"<p>Drodzy rodzice i opiekunowie,<\/p>\n\n\n\n<p>Serdecznie witamy i chcieliby\u015bmy przedstawi\u0107 cz\u0142onk\u00f3w rady szko\u0142y oraz przedstawicieli konferencji szkolnej.<\/p>\n\n\n\n<p>The <strong><u>Opiekunowie szkolni <\/u><\/strong>reprezentuje interesy wszystkich rodzic\u00f3w i opiekun\u00f3w w organizacji pracy wychowawczej w naszej szkole specjalnej. Doradza we wszystkich wa\u017cnych sprawach w szkole i sk\u0142ada si\u0119 z przewodnicz\u0105cych grup opieki nad klasami oraz wybranych przedstawicieli. W roku szkolnym 2024\/2025 w radzie szko\u0142y reprezentowanych jest 22 cz\u0142onk\u00f3w.&nbsp;<\/p>\n\n\n\n<p>The <strong>Przewodnicz\u0105ca rady szko\u0142y <\/strong>jest <strong>Antje Skommodau<\/strong>.  Jest on reprezentowany przez <strong>Georg Wilk<\/strong>.<\/p>\n\n\n\n<p>The <strong><u>Konferencja szkolna<\/u><\/strong> jest centralnym organem decyzyjnym szko\u0142y. To tutaj uzgadnia si\u0119 na przyk\u0142ad utworzenie grup badawczych, zasady szkolne i program szkolny. Oznacza to, \u017ce rodzice mog\u0105 odgrywa\u0107 decyduj\u0105c\u0105 rol\u0119 w kszta\u0142towaniu rozwoju szko\u0142y. Rada szko\u0142y deleguje trzech rodzic\u00f3w lub ich przedstawicieli na konferencj\u0119 szkoln\u0105.  Jest to 24\/25 w roku szkolnym:&nbsp;<\/p>\n\n\n\n<figure class=\"wp-block-table\"><table class=\"has-fixed-layout\"><tbody><tr><td><strong>Przedstawiciele rodzic\u00f3w w <u>Konferencja szkolna:<\/u><\/strong><\/td><td><strong>Przedstawiciele:<\/strong><\/td><\/tr><tr><td>Antje Skommodau<\/td><td>Christine Grguri<\/td><\/tr><tr><td>Sanja Reinke<\/td><td>Georg Wilk<\/td><\/tr><tr><td>Nicole Marek<\/td><td>Susanne Kristionat<\/td><\/tr><\/tbody><\/table><\/figure>\n\n\n\n<p>\u017bycie rodzinne i szkolne s\u0105 ze sob\u0105 \u015bci\u015ble powi\u0105zane. Wprowadzanie nowych struktur nauczania, uzgadnianie cel\u00f3w nauczania czy wsp\u00f3\u0142praca z instytucjami pozaszkolnymi maj\u0105 bezpo\u015bredni wp\u0142yw na dalszy rozw\u00f3j naszych dzieci i \u017cycie rodzinne. Komitet opiekun\u00f3w szkolnych jest zatem wa\u017cnym elementem kszta\u0142towania \u017cycia szkolnego w naszej szkole specjalnej.<\/p>\n\n\n\n<p>Masz pro\u015bb\u0119, pytanie lub chcesz nam powiedzie\u0107, co my\u015blisz?<\/p>\n\n\n\n<p>W takim razie napisz do nas.<\/p>\n\n\n\n<p>Mo\u017cna si\u0119 z nami skontaktowa\u0107 pod nast\u0119puj\u0105cym adresem e-mail: schuko@157650.nrw.schule<\/p>\n\n\n\n<p>Czekamy na kontakt i przesy\u0142amy najlepsze \u017cyczenia!<\/p>\n\n\n\n<p>Antje Skommodau, Sanja Reinke i Nicole Marek<\/p>","protected":false},"excerpt":{"rendered":"<p>Liebe Eltern und Erziehungsberechtigte, wir begr\u00fc\u00dfen sie ganz herzlich und m\u00f6chten Ihnen nachfolgend gerne die Mitglieder des Schulpflegschaftsvorsitzes und die Vertreter*innen der Schulkonferenz vorstellen. Die Schulpflegschaft vertritt die Interessen aller Eltern und Erziehungsberechtigten bei der Gestaltung der Bildungs- und Erziehungsarbeit [&hellip;]<\/p>\n","protected":false},"author":1,"featured_media":0,"parent":0,"menu_order":0,"comment_status":"closed","ping_status":"closed","template":"","meta":{"footnotes":""},"class_list":["post-11752","page","type-page","status-publish","hentry"],"_links":{"self":[{"href":"https:\/\/www.fs-forellstrasse.de\/pl\/wp-json\/wp\/v2\/pages\/11752","targetHints":{"allow":["GET"]}}],"collection":[{"href":"https:\/\/www.fs-forellstrasse.de\/pl\/wp-json\/wp\/v2\/pages"}],"about":[{"href":"https:\/\/www.fs-forellstrasse.de\/pl\/wp-json\/wp\/v2\/types\/page"}],"author":[{"embeddable":true,"href":"https:\/\/www.fs-forellstrasse.de\/pl\/wp-json\/wp\/v2\/users\/1"}],"replies":[{"embeddable":true,"href":"https:\/\/www.fs-forellstrasse.de\/pl\/wp-json\/wp\/v2\/comments?post=11752"}],"version-history":[{"count":1,"href":"https:\/\/www.fs-forellstrasse.de\/pl\/wp-json\/wp\/v2\/pages\/11752\/revisions"}],"predecessor-version":[{"id":11753,"href":"https:\/\/www.fs-forellstrasse.de\/pl\/wp-json\/wp\/v2\/pages\/11752\/revisions\/11753"}],"wp:attachment":[{"href":"https:\/\/www.fs-forellstrasse.de\/pl\/wp-json\/wp\/v2\/media?parent=11752"}],"curies":[{"name":"wp","href":"https:\/\/api.w.org\/{rel}","templated":true}]}}